{"id":7242,"date":"2026-02-22T17:45:42","date_gmt":"2026-02-22T16:45:42","guid":{"rendered":"https:\/\/www.nksvoboda.si\/?page_id=7242"},"modified":"2026-02-22T17:48:13","modified_gmt":"2026-02-22T16:48:13","slug":"selekcija-u17-in-u19","status":"publish","type":"page","link":"https:\/\/www.nksvoboda.si\/eng\/selekcija-u17-in-u19\/","title":{"rendered":"SELEKCIJA u17 in U19"},"content":{"rendered":"<p>\u00a0<\/p>\n<p>\u00a0<\/p>\n<p>\u00a0<\/p>\n<p>\u00a0<\/p>\n<p><img fetchpriority=\"high\" decoding=\"async\" class=\"wp-image-7246 aligncenter\" src=\"https:\/\/www.nksvoboda.si\/wp-content\/uploads\/2026\/02\/Screenshot_20251002_221550_Viber-500x260.jpg\" alt=\"\" width=\"533\" height=\"277\" srcset=\"https:\/\/www.nksvoboda.si\/wp-content\/uploads\/2026\/02\/Screenshot_20251002_221550_Viber-500x260.jpg 500w, https:\/\/www.nksvoboda.si\/wp-content\/uploads\/2026\/02\/Screenshot_20251002_221550_Viber-600x312.jpg 600w, https:\/\/www.nksvoboda.si\/wp-content\/uploads\/2026\/02\/Screenshot_20251002_221550_Viber-1024x533.jpg 1024w, https:\/\/www.nksvoboda.si\/wp-content\/uploads\/2026\/02\/Screenshot_20251002_221550_Viber-768x399.jpg 768w, https:\/\/www.nksvoboda.si\/wp-content\/uploads\/2026\/02\/Screenshot_20251002_221550_Viber-18x9.jpg 18w, https:\/\/www.nksvoboda.si\/wp-content\/uploads\/2026\/02\/Screenshot_20251002_221550_Viber.jpg 1190w\" sizes=\"(max-width: 533px) 100vw, 533px\" \/><\/p>\n<h2 style=\"text-align: center;\">Akademija U17 in U19<\/h2>\n<p>Akademija U17 in U19 Nogometne \u0161ole NK Svoboda Ljubljana predstavlja vrhunec mladinskega razvoja znotraj kluba, kjer je trena\u017eni proces zasnovan po najsodobnej\u0161ih nogometnih principih in dolgoro\u010dni strategiji razvoja vrhunskih igralcev.<br \/>\nV tej fazi je osrednji cilj celostni razvoj igralca, ki zdru\u017euje tehni\u010dno dovr\u0161enost, takti\u010dno inteligenco, fizi\u010dno pripravljenost in psiholo\u0161ko stabilnost. Treningi so visoko specializirani, individualizirani in periodizirani, da optimalno uravnavajo obremenitve, spodbujajo hitro odlo\u010danje pod pritiskom ter razvijajo kompleksno razumevanje igre v vseh fazah \u2013 od posesti do tranzicije in obrambne organizacije.<br \/>\nAkademija U17 in U19 krepi tudi profesionalni odnos igralcev do \u0161porta: samodisciplina, odgovornost, timski duh, prehrana, regeneracija in pripravljenost na visoke tekmovalne zahteve postajajo klju\u010dni elementi vsakodnevnega dela. Igralci pridobivajo dragocene tekmovalne izku\u0161nje, ki jih neposredno pripravljajo na prehod v \u010dlanski nogomet ali profesionalno okolje.<br \/>\nSistemati\u010dno delo v Akademiji U17 in U19 zagotavlja, da NK Svoboda Ljubljana razvija ne le vrhunske nogometa\u0161e, temve\u010d celostno izobra\u017eene \u0161portnike, ki izpolnjujejo vse zahteve sodobnega nogometa \u2013 tehni\u010dno, takti\u010dno, fizi\u010dno in mentalno.<\/p>","protected":false},"excerpt":{"rendered":"<p>\u00a0 \u00a0 \u00a0 \u00a0 Akademija U17 in U19 Akademija U17 in U19 Nogometne \u0161ole NK Svoboda Ljubljana predstavlja vrhunec mladinskega razvoja znotraj kluba, kjer je trena\u017eni proces zasnovan po najsodobnej\u0161ih nogometnih principih in dolgoro\u010dni strategiji razvoja vrhunskih igralcev. V tej fazi je osrednji cilj celostni razvoj igralca, ki zdru\u017euje tehni\u010dno dovr\u0161enost, takti\u010dno inteligenco, fizi\u010dno pripravljenost [&hellip;]<\/p>\n","protected":false},"author":4,"featured_media":0,"parent":0,"menu_order":0,"comment_status":"closed","ping_status":"closed","template":"","meta":{"footnotes":""},"class_list":["post-7242","page","type-page","status-publish","hentry"],"_links":{"self":[{"href":"https:\/\/www.nksvoboda.si\/eng\/wp-json\/wp\/v2\/pages\/7242","targetHints":{"allow":["GET"]}}],"collection":[{"href":"https:\/\/www.nksvoboda.si\/eng\/wp-json\/wp\/v2\/pages"}],"about":[{"href":"https:\/\/www.nksvoboda.si\/eng\/wp-json\/wp\/v2\/types\/page"}],"author":[{"embeddable":true,"href":"https:\/\/www.nksvoboda.si\/eng\/wp-json\/wp\/v2\/users\/4"}],"replies":[{"embeddable":true,"href":"https:\/\/www.nksvoboda.si\/eng\/wp-json\/wp\/v2\/comments?post=7242"}],"version-history":[{"count":0,"href":"https:\/\/www.nksvoboda.si\/eng\/wp-json\/wp\/v2\/pages\/7242\/revisions"}],"wp:attachment":[{"href":"https:\/\/www.nksvoboda.si\/eng\/wp-json\/wp\/v2\/media?parent=7242"}],"curies":[{"name":"wp","href":"https:\/\/api.w.org\/{rel}","templated":true}]}}