{"id":7192,"date":"2026-02-22T17:10:50","date_gmt":"2026-02-22T16:10:50","guid":{"rendered":"https:\/\/www.nksvoboda.si\/?page_id=7192"},"modified":"2026-02-22T17:14:55","modified_gmt":"2026-02-22T16:14:55","slug":"selekcija-u8","status":"publish","type":"page","link":"https:\/\/www.nksvoboda.si\/eng\/selekcija-u8\/","title":{"rendered":"SELEKCIJA U8"},"content":{"rendered":"<p>\u00a0<\/p>\n<p>\u00a0<\/p>\n<p>\u00a0<\/p>\n<p><img fetchpriority=\"high\" decoding=\"async\" class=\"wp-image-7196 aligncenter\" src=\"https:\/\/www.nksvoboda.si\/wp-content\/uploads\/2026\/02\/viber_image_2026-02-22_17-07-59-633-338x500.jpg\" alt=\"\" width=\"324\" height=\"479\" srcset=\"https:\/\/www.nksvoboda.si\/wp-content\/uploads\/2026\/02\/viber_image_2026-02-22_17-07-59-633-338x500.jpg 338w, https:\/\/www.nksvoboda.si\/wp-content\/uploads\/2026\/02\/viber_image_2026-02-22_17-07-59-633-600x887.jpg 600w, https:\/\/www.nksvoboda.si\/wp-content\/uploads\/2026\/02\/viber_image_2026-02-22_17-07-59-633-692x1024.jpg 692w, https:\/\/www.nksvoboda.si\/wp-content\/uploads\/2026\/02\/viber_image_2026-02-22_17-07-59-633-768x1136.jpg 768w, https:\/\/www.nksvoboda.si\/wp-content\/uploads\/2026\/02\/viber_image_2026-02-22_17-07-59-633-8x12.jpg 8w, https:\/\/www.nksvoboda.si\/wp-content\/uploads\/2026\/02\/viber_image_2026-02-22_17-07-59-633.jpg 777w\" sizes=\"(max-width: 324px) 100vw, 324px\" \/><\/p>\n<h3 style=\"text-align: center;\">Selekcija U8<\/h3>\n<p>Selekcija U8 predstavlja prvo tekmovalno obdobje v razvojnem procesu Nogometne \u0161ole NK Svoboda Ljubljana. V tej starostni kategoriji otroci nadgrajujejo osnovno tehni\u010dno znanje ter postopoma razvijajo razumevanje igre.<br \/>\nPoudarek je na pravilnem u\u010denju osnovnih nogometnih elementov \u2013 vodenju \u017eoge, podajah, sprejemu in zaklju\u010dku \u2013 ob hkratnem razvoju koordinacije, hitrosti in ravnote\u017eja. Treningi potekajo v dinami\u010dnem in spodbudnem okolju, kjer se spodbuja samostojnost, pogum in kreativnost v igri.<br \/>\nV selekciji U8 gradimo temelje ekipnega duha, spo\u0161tovanja in zdrave tekmovalnosti, ki so klju\u010dni za nadaljnji \u0161portni in osebni razvoj igralcev.<\/p>","protected":false},"excerpt":{"rendered":"<p>\u00a0 \u00a0 \u00a0 Selekcija U8 Selekcija U8 predstavlja prvo tekmovalno obdobje v razvojnem procesu Nogometne \u0161ole NK Svoboda Ljubljana. V tej starostni kategoriji otroci nadgrajujejo osnovno tehni\u010dno znanje ter postopoma razvijajo razumevanje igre. Poudarek je na pravilnem u\u010denju osnovnih nogometnih elementov \u2013 vodenju \u017eoge, podajah, sprejemu in zaklju\u010dku \u2013 ob hkratnem razvoju koordinacije, hitrosti in [&hellip;]<\/p>\n","protected":false},"author":4,"featured_media":0,"parent":0,"menu_order":0,"comment_status":"closed","ping_status":"closed","template":"","meta":{"footnotes":""},"class_list":["post-7192","page","type-page","status-publish","hentry"],"_links":{"self":[{"href":"https:\/\/www.nksvoboda.si\/eng\/wp-json\/wp\/v2\/pages\/7192","targetHints":{"allow":["GET"]}}],"collection":[{"href":"https:\/\/www.nksvoboda.si\/eng\/wp-json\/wp\/v2\/pages"}],"about":[{"href":"https:\/\/www.nksvoboda.si\/eng\/wp-json\/wp\/v2\/types\/page"}],"author":[{"embeddable":true,"href":"https:\/\/www.nksvoboda.si\/eng\/wp-json\/wp\/v2\/users\/4"}],"replies":[{"embeddable":true,"href":"https:\/\/www.nksvoboda.si\/eng\/wp-json\/wp\/v2\/comments?post=7192"}],"version-history":[{"count":0,"href":"https:\/\/www.nksvoboda.si\/eng\/wp-json\/wp\/v2\/pages\/7192\/revisions"}],"wp:attachment":[{"href":"https:\/\/www.nksvoboda.si\/eng\/wp-json\/wp\/v2\/media?parent=7192"}],"curies":[{"name":"wp","href":"https:\/\/api.w.org\/{rel}","templated":true}]}}