{"id":7185,"date":"2026-02-22T17:03:14","date_gmt":"2026-02-22T16:03:14","guid":{"rendered":"https:\/\/www.nksvoboda.si\/?page_id=7185"},"modified":"2026-02-22T17:07:38","modified_gmt":"2026-02-22T16:07:38","slug":"cici-vitezki","status":"publish","type":"page","link":"https:\/\/www.nksvoboda.si\/eng\/cici-vitezki\/","title":{"rendered":"CICI VITEZKI"},"content":{"rendered":"<p><img fetchpriority=\"high\" decoding=\"async\" class=\"size-medium wp-image-7189 aligncenter\" src=\"https:\/\/www.nksvoboda.si\/wp-content\/uploads\/2026\/02\/viber_image_2026-02-22_17-00-08-124-500x306.jpg\" alt=\"\" width=\"500\" height=\"306\" srcset=\"https:\/\/www.nksvoboda.si\/wp-content\/uploads\/2026\/02\/viber_image_2026-02-22_17-00-08-124-500x306.jpg 500w, https:\/\/www.nksvoboda.si\/wp-content\/uploads\/2026\/02\/viber_image_2026-02-22_17-00-08-124-600x367.jpg 600w, https:\/\/www.nksvoboda.si\/wp-content\/uploads\/2026\/02\/viber_image_2026-02-22_17-00-08-124-1024x627.jpg 1024w, https:\/\/www.nksvoboda.si\/wp-content\/uploads\/2026\/02\/viber_image_2026-02-22_17-00-08-124-768x470.jpg 768w, https:\/\/www.nksvoboda.si\/wp-content\/uploads\/2026\/02\/viber_image_2026-02-22_17-00-08-124-18x12.jpg 18w, https:\/\/www.nksvoboda.si\/wp-content\/uploads\/2026\/02\/viber_image_2026-02-22_17-00-08-124.jpg 1058w\" sizes=\"(max-width: 500px) 100vw, 500px\" \/><\/p>\n<h2 style=\"text-align: center;\">Cici vitezi<\/h2>\n<p>Cici vitezi predstavljajo prvo stopnico v razvoju mladih nogometa\u0161ev v okviru Nogometne \u0161ole NK Svoboda Ljubljana. Program je namenjen najmlaj\u0161im otrokom, ki skozi igro in gibanje spoznavajo osnovne nogometne elemente ter razvijajo ljubezen do \u0161porta.<br \/>\nTreningi so prilagojeni starosti otrok in temeljijo na razvoju motorike, koordinacije, osnovne tehnike ter socialnih ve\u0161\u010din. V ospredju so veselje do igre, ob\u010dutek pripadnosti ekipi ter ustvarjanje pozitivnega in spodbudnega okolja.<br \/>\nCici vitezi niso le prvi stik z nogometom, temve\u010d za\u010detek poti, kjer gradimo samozavest, disciplino in spo\u0161tovanje \u2013 vrednote, ki otroka spremljajo tako na igri\u0161\u010du kot v \u017eivljenju.<\/p>","protected":false},"excerpt":{"rendered":"<p>Cici vitezi Cici vitezi predstavljajo prvo stopnico v razvoju mladih nogometa\u0161ev v okviru Nogometne \u0161ole NK Svoboda Ljubljana. Program je namenjen najmlaj\u0161im otrokom, ki skozi igro in gibanje spoznavajo osnovne nogometne elemente ter razvijajo ljubezen do \u0161porta. Treningi so prilagojeni starosti otrok in temeljijo na razvoju motorike, koordinacije, osnovne tehnike ter socialnih ve\u0161\u010din. V ospredju [&hellip;]<\/p>\n","protected":false},"author":4,"featured_media":0,"parent":0,"menu_order":0,"comment_status":"closed","ping_status":"closed","template":"","meta":{"footnotes":""},"class_list":["post-7185","page","type-page","status-publish","hentry"],"_links":{"self":[{"href":"https:\/\/www.nksvoboda.si\/eng\/wp-json\/wp\/v2\/pages\/7185","targetHints":{"allow":["GET"]}}],"collection":[{"href":"https:\/\/www.nksvoboda.si\/eng\/wp-json\/wp\/v2\/pages"}],"about":[{"href":"https:\/\/www.nksvoboda.si\/eng\/wp-json\/wp\/v2\/types\/page"}],"author":[{"embeddable":true,"href":"https:\/\/www.nksvoboda.si\/eng\/wp-json\/wp\/v2\/users\/4"}],"replies":[{"embeddable":true,"href":"https:\/\/www.nksvoboda.si\/eng\/wp-json\/wp\/v2\/comments?post=7185"}],"version-history":[{"count":0,"href":"https:\/\/www.nksvoboda.si\/eng\/wp-json\/wp\/v2\/pages\/7185\/revisions"}],"wp:attachment":[{"href":"https:\/\/www.nksvoboda.si\/eng\/wp-json\/wp\/v2\/media?parent=7185"}],"curies":[{"name":"wp","href":"https:\/\/api.w.org\/{rel}","templated":true}]}}