{"id":7179,"date":"2026-02-22T16:48:28","date_gmt":"2026-02-22T15:48:28","guid":{"rendered":"https:\/\/www.nksvoboda.si\/?page_id=7179"},"modified":"2026-02-22T17:01:15","modified_gmt":"2026-02-22T16:01:15","slug":"selekcije","status":"publish","type":"page","link":"https:\/\/www.nksvoboda.si\/eng\/selekcije\/","title":{"rendered":"SELEKCIJE"},"content":{"rendered":"<p><img fetchpriority=\"high\" decoding=\"async\" class=\"size-medium wp-image-7183 aligncenter\" src=\"https:\/\/www.nksvoboda.si\/wp-content\/uploads\/2026\/02\/viber_image_2026-02-22_16-48-54-324-500x185.png\" alt=\"\" width=\"500\" height=\"185\" srcset=\"https:\/\/www.nksvoboda.si\/wp-content\/uploads\/2026\/02\/viber_image_2026-02-22_16-48-54-324-500x185.png 500w, https:\/\/www.nksvoboda.si\/wp-content\/uploads\/2026\/02\/viber_image_2026-02-22_16-48-54-324-600x222.png 600w, https:\/\/www.nksvoboda.si\/wp-content\/uploads\/2026\/02\/viber_image_2026-02-22_16-48-54-324-768x284.png 768w, https:\/\/www.nksvoboda.si\/wp-content\/uploads\/2026\/02\/viber_image_2026-02-22_16-48-54-324-18x7.png 18w, https:\/\/www.nksvoboda.si\/wp-content\/uploads\/2026\/02\/viber_image_2026-02-22_16-48-54-324.png 851w\" sizes=\"(max-width: 500px) 100vw, 500px\" \/><\/p>\n<h2 style=\"text-align: center;\">Nogometna \u0161ola NK Svoboda Ljubljana<\/h2>\n<h5 style=\"text-align: left;\">Nogometna \u0161ola NK Svoboda Ljubljana je organiziran, strokovno voden in razvojno usmerjen program za otroke in mladostnike od prvih nogometnih korakov do mladinske kategorije U19.<\/h5>\n<h2 style=\"text-align: center;\">Cici vitezi \u2013 prvi stik z nogometom<\/h2>\n<h5 style=\"text-align: left;\">Program Cici vitezkov je namenjen najmlaj\u0161im, ki skozi igro, gibanje in zabavne nogometne vsebine razvijajo osnovno motoriko, koordinacijo ter ljubezen do \u0161porta. V ospredju so veselje, spro\u0161\u010denost in ob\u010dutek pripadnosti ekipi.<\/h5>\n<h2 style=\"text-align: center;\">Sistemati\u010den razvoj od U7 do U19<\/h2>\n<h5 style=\"text-align: left;\">V vseh starostnih kategorijah (U7\u2013U19) delo poteka po jasno zastavljenem strokovnem programu, ki temelji na:postopnem tehni\u010dnem in takti\u010dnem razvoju individualnem pristopu do vsakega igralca razvoju discipline, odgovornosti in ekipnega duha spodbujanju zdrave tekmovalnosti<br \/>\noblikovanju \u0161portnega zna\u010daja.<\/h5>\n<h5 style=\"text-align: left;\">Treninge vodijo usposobljeni in licencirani trenerji, ki skrbijo za strokovno napredovanje ter varno in spodbudno okolje.<br \/>\nVe\u010d kot nogomet.Na\u0161 cilj ni zgolj razviti kakovostnega igralca, temve\u010d samozavestno, spo\u0161tljivo in delovno mlado osebo. Nogomet razumemo kot vzgojni proces, kjer se otroci u\u010dijo vztrajnosti, medsebojnega spo\u0161tovanja in premagovanja izzivov.<\/h5>\n<h5 style=\"text-align: left;\">Nogometna \u0161ola NK Svoboda Ljubljana je prostor, kjer se talent razvija, delo spo\u0161tuje in ponos na klubske barve gradi \u017ee od najmlaj\u0161ih let.<\/h5>","protected":false},"excerpt":{"rendered":"<p>Nogometna \u0161ola NK Svoboda Ljubljana Nogometna \u0161ola NK Svoboda Ljubljana je organiziran, strokovno voden in razvojno usmerjen program za otroke in mladostnike od prvih nogometnih korakov do mladinske kategorije U19. Cici vitezi \u2013 prvi stik z nogometom Program Cici vitezkov je namenjen najmlaj\u0161im, ki skozi igro, gibanje in zabavne nogometne vsebine razvijajo osnovno motoriko, koordinacijo [&hellip;]<\/p>\n","protected":false},"author":4,"featured_media":0,"parent":0,"menu_order":0,"comment_status":"closed","ping_status":"closed","template":"","meta":{"footnotes":""},"class_list":["post-7179","page","type-page","status-publish","hentry"],"_links":{"self":[{"href":"https:\/\/www.nksvoboda.si\/eng\/wp-json\/wp\/v2\/pages\/7179","targetHints":{"allow":["GET"]}}],"collection":[{"href":"https:\/\/www.nksvoboda.si\/eng\/wp-json\/wp\/v2\/pages"}],"about":[{"href":"https:\/\/www.nksvoboda.si\/eng\/wp-json\/wp\/v2\/types\/page"}],"author":[{"embeddable":true,"href":"https:\/\/www.nksvoboda.si\/eng\/wp-json\/wp\/v2\/users\/4"}],"replies":[{"embeddable":true,"href":"https:\/\/www.nksvoboda.si\/eng\/wp-json\/wp\/v2\/comments?post=7179"}],"version-history":[{"count":0,"href":"https:\/\/www.nksvoboda.si\/eng\/wp-json\/wp\/v2\/pages\/7179\/revisions"}],"wp:attachment":[{"href":"https:\/\/www.nksvoboda.si\/eng\/wp-json\/wp\/v2\/media?parent=7179"}],"curies":[{"name":"wp","href":"https:\/\/api.w.org\/{rel}","templated":true}]}}