{"id":4915,"date":"2021-07-18T20:06:55","date_gmt":"2021-07-18T20:06:55","guid":{"rendered":"http:\/\/www.nksvoboda.si\/?page_id=4915"},"modified":"2021-07-20T11:27:34","modified_gmt":"2021-07-20T11:27:34","slug":"novice-2","status":"publish","type":"page","link":"https:\/\/www.nksvoboda.si\/eng\/novice-2\/","title":{"rendered":"Novice"},"content":{"rendered":"<div data-elementor-type=\"wp-page\" data-elementor-id=\"4915\" class=\"elementor elementor-4915\">\n\t\t\t\t\t\t<section class=\"elementor-section elementor-top-section elementor-element elementor-element-d68d7fe elementor-section-boxed elementor-section-height-default elementor-section-height-default\" data-id=\"d68d7fe\" data-element_type=\"section\" data-e-type=\"section\">\n\t\t\t\t\t\t<div class=\"elementor-container elementor-column-gap-default\">\n\t\t\t\t\t<div class=\"elementor-column elementor-col-100 elementor-top-column elementor-element elementor-element-073876f\" data-id=\"073876f\" data-element_type=\"column\" data-e-type=\"column\">\n\t\t\t<div class=\"elementor-widget-wrap elementor-element-populated\">\n\t\t\t\t\t\t<div class=\"elementor-element elementor-element-8bedc4b elementor-widget elementor-widget-image\" data-id=\"8bedc4b\" data-element_type=\"widget\" data-e-type=\"widget\" data-widget_type=\"image.default\">\n\t\t\t\t<div class=\"elementor-widget-container\">\n\t\t\t\t\t\t\t\t\t\t\t\t\t\t\t<img fetchpriority=\"high\" decoding=\"async\" width=\"487\" height=\"500\" src=\"https:\/\/www.nksvoboda.si\/wp-content\/uploads\/2021\/07\/Screenshot-2021-07-05-at-18.39.24-487x500.png\" class=\"attachment-medium size-medium wp-image-4870\" alt=\"\" srcset=\"https:\/\/www.nksvoboda.si\/wp-content\/uploads\/2021\/07\/Screenshot-2021-07-05-at-18.39.24-487x500.png 487w, https:\/\/www.nksvoboda.si\/wp-content\/uploads\/2021\/07\/Screenshot-2021-07-05-at-18.39.24-600x616.png 600w, https:\/\/www.nksvoboda.si\/wp-content\/uploads\/2021\/07\/Screenshot-2021-07-05-at-18.39.24-998x1024.png 998w, https:\/\/www.nksvoboda.si\/wp-content\/uploads\/2021\/07\/Screenshot-2021-07-05-at-18.39.24-768x788.png 768w, https:\/\/www.nksvoboda.si\/wp-content\/uploads\/2021\/07\/Screenshot-2021-07-05-at-18.39.24-12x12.png 12w, https:\/\/www.nksvoboda.si\/wp-content\/uploads\/2021\/07\/Screenshot-2021-07-05-at-18.39.24-1200x1231.png 1200w, https:\/\/www.nksvoboda.si\/wp-content\/uploads\/2021\/07\/Screenshot-2021-07-05-at-18.39.24.png 1302w\" sizes=\"(max-width: 487px) 100vw, 487px\" \/>\t\t\t\t\t\t\t\t\t\t\t\t\t\t\t<\/div>\n\t\t\t\t<\/div>\n\t\t\t\t<div class=\"elementor-element elementor-element-c3e3a0b elementor-widget-divider--view-line elementor-widget elementor-widget-divider\" data-id=\"c3e3a0b\" data-element_type=\"widget\" data-e-type=\"widget\" data-widget_type=\"divider.default\">\n\t\t\t\t<div class=\"elementor-widget-container\">\n\t\t\t\t\t\t\t<div class=\"elementor-divider\">\n\t\t\t<span class=\"elementor-divider-separator\">\n\t\t\t\t\t\t<\/span>\n\t\t<\/div>\n\t\t\t\t\t\t<\/div>\n\t\t\t\t<\/div>\n\t\t\t\t\t<\/div>\n\t\t<\/div>\n\t\t\t\t\t<\/div>\n\t\t<\/section>\n\t\t\t\t<section class=\"elementor-section elementor-top-section elementor-element elementor-element-9af0cdf elementor-section-boxed elementor-section-height-default elementor-section-height-default\" data-id=\"9af0cdf\" data-element_type=\"section\" data-e-type=\"section\">\n\t\t\t\t\t\t<div class=\"elementor-container elementor-column-gap-default\">\n\t\t\t\t\t<div class=\"elementor-column elementor-col-25 elementor-top-column elementor-element elementor-element-b197741\" data-id=\"b197741\" data-element_type=\"column\" data-e-type=\"column\">\n\t\t\t<div class=\"elementor-widget-wrap elementor-element-populated\">\n\t\t\t\t\t\t<div class=\"elementor-element elementor-element-e980ef8 elementor-widget elementor-widget-image\" data-id=\"e980ef8\" data-element_type=\"widget\" data-e-type=\"widget\" data-widget_type=\"image.default\">\n\t\t\t\t<div class=\"elementor-widget-container\">\n\t\t\t\t\t\t\t\t\t\t\t\t\t\t\t<img decoding=\"async\" width=\"94\" height=\"94\" src=\"https:\/\/www.nksvoboda.si\/wp-content\/uploads\/2021\/07\/NK_Svoboda_logo_94x94.png\" class=\"attachment-full size-full wp-image-4884\" alt=\"\" srcset=\"https:\/\/www.nksvoboda.si\/wp-content\/uploads\/2021\/07\/NK_Svoboda_logo_94x94.png 94w, https:\/\/www.nksvoboda.si\/wp-content\/uploads\/2021\/07\/NK_Svoboda_logo_94x94-12x12.png 12w\" sizes=\"(max-width: 94px) 100vw, 94px\" \/>\t\t\t\t\t\t\t\t\t\t\t\t\t\t\t<\/div>\n\t\t\t\t<\/div>\n\t\t\t\t\t<\/div>\n\t\t<\/div>\n\t\t\t\t<div class=\"elementor-column elementor-col-50 elementor-top-column elementor-element elementor-element-d4c951f\" data-id=\"d4c951f\" data-element_type=\"column\" data-e-type=\"column\">\n\t\t\t<div class=\"elementor-widget-wrap elementor-element-populated\">\n\t\t\t\t\t\t<div class=\"elementor-element elementor-element-70e69ac elementor-widget elementor-widget-text-editor\" data-id=\"70e69ac\" data-element_type=\"widget\" data-e-type=\"widget\" data-widget_type=\"text-editor.default\">\n\t\t\t\t<div class=\"elementor-widget-container\">\n\t\t\t\t\t\t\t\t\t<h2><span style=\"color: #e60012;\">Sprememba v vodstvu kluba<\/span><\/h2>\nNa ob\u010dnem zboru NK Svoboda Ljubljana dne 27.5.2021 je bilo izbrano novo vodstvo kluba,\t\t\t\t\t\t\t\t<\/div>\n\t\t\t\t<\/div>\n\t\t\t\t\t<\/div>\n\t\t<\/div>\n\t\t\t\t<div class=\"elementor-column elementor-col-25 elementor-top-column elementor-element elementor-element-370ce2a\" data-id=\"370ce2a\" data-element_type=\"column\" data-e-type=\"column\">\n\t\t\t<div class=\"elementor-widget-wrap elementor-element-populated\">\n\t\t\t\t\t\t<div class=\"elementor-element elementor-element-59251b6 elementor-align-justify elementor-widget elementor-widget-button\" data-id=\"59251b6\" data-element_type=\"widget\" data-e-type=\"widget\" data-widget_type=\"button.default\">\n\t\t\t\t<div class=\"elementor-widget-container\">\n\t\t\t\t\t\t\t\t\t<div class=\"elementor-button-wrapper\">\n\t\t\t\t\t<a class=\"elementor-button elementor-button-link elementor-size-sm\" href=\"https:\/\/www.nksvoboda.si\/eng\/blog\/2021\/07\/01\/sprememba-v-vodstvu-kluba\/\">\n\t\t\t\t\t\t<span class=\"elementor-button-content-wrapper\">\n\t\t\t\t\t\t\t\t\t<span class=\"elementor-button-text\">Preberi ve\u010d<\/span>\n\t\t\t\t\t<\/span>\n\t\t\t\t\t<\/a>\n\t\t\t\t<\/div>\n\t\t\t\t\t\t\t\t<\/div>\n\t\t\t\t<\/div>\n\t\t\t\t\t<\/div>\n\t\t<\/div>\n\t\t\t\t\t<\/div>\n\t\t<\/section>\n\t\t\t\t<section class=\"elementor-section elementor-top-section elementor-element elementor-element-07a1d42 elementor-section-boxed elementor-section-height-default elementor-section-height-default\" data-id=\"07a1d42\" data-element_type=\"section\" data-e-type=\"section\">\n\t\t\t\t\t\t<div class=\"elementor-container elementor-column-gap-default\">\n\t\t\t\t\t<div class=\"elementor-column elementor-col-100 elementor-top-column elementor-element elementor-element-80f3ce8\" data-id=\"80f3ce8\" data-element_type=\"column\" data-e-type=\"column\">\n\t\t\t<div class=\"elementor-widget-wrap elementor-element-populated\">\n\t\t\t\t\t\t<div class=\"elementor-element elementor-element-3ff2e17 elementor-widget-divider--view-line elementor-widget elementor-widget-divider\" data-id=\"3ff2e17\" data-element_type=\"widget\" data-e-type=\"widget\" data-widget_type=\"divider.default\">\n\t\t\t\t<div class=\"elementor-widget-container\">\n\t\t\t\t\t\t\t<div class=\"elementor-divider\">\n\t\t\t<span class=\"elementor-divider-separator\">\n\t\t\t\t\t\t<\/span>\n\t\t<\/div>\n\t\t\t\t\t\t<\/div>\n\t\t\t\t<\/div>\n\t\t\t\t\t<\/div>\n\t\t<\/div>\n\t\t\t\t\t<\/div>\n\t\t<\/section>\n\t\t\t\t<section class=\"elementor-section elementor-top-section elementor-element elementor-element-79dbb11 elementor-section-boxed elementor-section-height-default elementor-section-height-default\" data-id=\"79dbb11\" data-element_type=\"section\" data-e-type=\"section\">\n\t\t\t\t\t\t<div class=\"elementor-container elementor-column-gap-default\">\n\t\t\t\t\t<div class=\"elementor-column elementor-col-25 elementor-top-column elementor-element elementor-element-6821d37\" data-id=\"6821d37\" data-element_type=\"column\" data-e-type=\"column\">\n\t\t\t<div class=\"elementor-widget-wrap elementor-element-populated\">\n\t\t\t\t\t\t<div class=\"elementor-element elementor-element-d65a961 elementor-widget elementor-widget-image\" data-id=\"d65a961\" data-element_type=\"widget\" data-e-type=\"widget\" data-widget_type=\"image.default\">\n\t\t\t\t<div class=\"elementor-widget-container\">\n\t\t\t\t\t\t\t\t\t\t\t\t\t\t\t<img decoding=\"async\" width=\"526\" height=\"526\" src=\"https:\/\/www.nksvoboda.si\/wp-content\/uploads\/2021\/07\/grbanogsole.jpg\" class=\"attachment-large size-large wp-image-4897\" alt=\"\" srcset=\"https:\/\/www.nksvoboda.si\/wp-content\/uploads\/2021\/07\/grbanogsole.jpg 526w, https:\/\/www.nksvoboda.si\/wp-content\/uploads\/2021\/07\/grbanogsole-300x300.jpg 300w, https:\/\/www.nksvoboda.si\/wp-content\/uploads\/2021\/07\/grbanogsole-100x100.jpg 100w, https:\/\/www.nksvoboda.si\/wp-content\/uploads\/2021\/07\/grbanogsole-500x500.jpg 500w, https:\/\/www.nksvoboda.si\/wp-content\/uploads\/2021\/07\/grbanogsole-12x12.jpg 12w\" sizes=\"(max-width: 526px) 100vw, 526px\" \/>\t\t\t\t\t\t\t\t\t\t\t\t\t\t\t<\/div>\n\t\t\t\t<\/div>\n\t\t\t\t\t<\/div>\n\t\t<\/div>\n\t\t\t\t<div class=\"elementor-column elementor-col-50 elementor-top-column elementor-element elementor-element-0b91ce3\" data-id=\"0b91ce3\" data-element_type=\"column\" data-e-type=\"column\">\n\t\t\t<div class=\"elementor-widget-wrap elementor-element-populated\">\n\t\t\t\t\t\t<div class=\"elementor-element elementor-element-5e6d7cb elementor-widget elementor-widget-text-editor\" data-id=\"5e6d7cb\" data-element_type=\"widget\" data-e-type=\"widget\" data-widget_type=\"text-editor.default\">\n\t\t\t\t<div class=\"elementor-widget-container\">\n\t\t\t\t\t\t\t\t\t<h2><span style=\"color: #e60012;\">Vabilo za igralce sezona 2021-2022<\/span><\/h2><p>NK SVOBODA Ljubljana \u010cLANI\u00a0in\u00a0NK SVOBODA AKADEMIJA U15-U19<br \/>vabi vse igralce za novo sezono 2021-2022!<\/p>\t\t\t\t\t\t\t\t<\/div>\n\t\t\t\t<\/div>\n\t\t\t\t\t<\/div>\n\t\t<\/div>\n\t\t\t\t<div class=\"elementor-column elementor-col-25 elementor-top-column elementor-element elementor-element-d35fef6\" data-id=\"d35fef6\" data-element_type=\"column\" data-e-type=\"column\">\n\t\t\t<div class=\"elementor-widget-wrap elementor-element-populated\">\n\t\t\t\t\t\t<div class=\"elementor-element elementor-element-cc8354a elementor-align-justify elementor-widget elementor-widget-button\" data-id=\"cc8354a\" data-element_type=\"widget\" data-e-type=\"widget\" data-widget_type=\"button.default\">\n\t\t\t\t<div class=\"elementor-widget-container\">\n\t\t\t\t\t\t\t\t\t<div class=\"elementor-button-wrapper\">\n\t\t\t\t\t<a class=\"elementor-button elementor-button-link elementor-size-sm\" href=\"https:\/\/www.nksvoboda.si\/eng\/blog\/2021\/06\/30\/vabilo-za-igralce-sezona-2021-2022\/\">\n\t\t\t\t\t\t<span class=\"elementor-button-content-wrapper\">\n\t\t\t\t\t\t\t\t\t<span class=\"elementor-button-text\">Preberi ve\u010d<\/span>\n\t\t\t\t\t<\/span>\n\t\t\t\t\t<\/a>\n\t\t\t\t<\/div>\n\t\t\t\t\t\t\t\t<\/div>\n\t\t\t\t<\/div>\n\t\t\t\t\t<\/div>\n\t\t<\/div>\n\t\t\t\t\t<\/div>\n\t\t<\/section>\n\t\t\t\t<section class=\"elementor-section elementor-top-section elementor-element elementor-element-be5e95c elementor-section-boxed elementor-section-height-default elementor-section-height-default\" data-id=\"be5e95c\" data-element_type=\"section\" data-e-type=\"section\">\n\t\t\t\t\t\t<div class=\"elementor-container elementor-column-gap-default\">\n\t\t\t\t\t<div class=\"elementor-column elementor-col-100 elementor-top-column elementor-element elementor-element-71c3f7b\" data-id=\"71c3f7b\" data-element_type=\"column\" data-e-type=\"column\">\n\t\t\t<div class=\"elementor-widget-wrap elementor-element-populated\">\n\t\t\t\t\t\t<div class=\"elementor-element elementor-element-e22b0e5 elementor-widget-divider--view-line elementor-widget elementor-widget-divider\" data-id=\"e22b0e5\" data-element_type=\"widget\" data-e-type=\"widget\" data-widget_type=\"divider.default\">\n\t\t\t\t<div class=\"elementor-widget-container\">\n\t\t\t\t\t\t\t<div class=\"elementor-divider\">\n\t\t\t<span class=\"elementor-divider-separator\">\n\t\t\t\t\t\t<\/span>\n\t\t<\/div>\n\t\t\t\t\t\t<\/div>\n\t\t\t\t<\/div>\n\t\t\t\t\t<\/div>\n\t\t<\/div>\n\t\t\t\t\t<\/div>\n\t\t<\/section>\n\t\t\t\t<section class=\"elementor-section elementor-top-section elementor-element elementor-element-1571e7c elementor-section-boxed elementor-section-height-default elementor-section-height-default\" data-id=\"1571e7c\" data-element_type=\"section\" data-e-type=\"section\">\n\t\t\t\t\t\t<div class=\"elementor-container elementor-column-gap-default\">\n\t\t\t\t\t<div class=\"elementor-column elementor-col-25 elementor-top-column elementor-element elementor-element-848a9a6\" data-id=\"848a9a6\" data-element_type=\"column\" data-e-type=\"column\">\n\t\t\t<div class=\"elementor-widget-wrap elementor-element-populated\">\n\t\t\t\t\t\t<div class=\"elementor-element elementor-element-e0256b1 elementor-widget elementor-widget-image\" data-id=\"e0256b1\" data-element_type=\"widget\" data-e-type=\"widget\" data-widget_type=\"image.default\">\n\t\t\t\t<div class=\"elementor-widget-container\">\n\t\t\t\t\t\t\t\t\t\t\t\t\t\t\t<img loading=\"lazy\" decoding=\"async\" width=\"1024\" height=\"570\" src=\"https:\/\/www.nksvoboda.si\/wp-content\/uploads\/2021\/07\/clani_trening-1024x570.jpg\" class=\"attachment-large size-large wp-image-4951\" alt=\"\" srcset=\"https:\/\/www.nksvoboda.si\/wp-content\/uploads\/2021\/07\/clani_trening-1024x570.jpg 1024w, https:\/\/www.nksvoboda.si\/wp-content\/uploads\/2021\/07\/clani_trening-600x334.jpg 600w, https:\/\/www.nksvoboda.si\/wp-content\/uploads\/2021\/07\/clani_trening-500x278.jpg 500w, https:\/\/www.nksvoboda.si\/wp-content\/uploads\/2021\/07\/clani_trening-768x427.jpg 768w, https:\/\/www.nksvoboda.si\/wp-content\/uploads\/2021\/07\/clani_trening-16x9.jpg 16w, https:\/\/www.nksvoboda.si\/wp-content\/uploads\/2021\/07\/clani_trening-1200x668.jpg 1200w, https:\/\/www.nksvoboda.si\/wp-content\/uploads\/2021\/07\/clani_trening.jpg 1440w\" sizes=\"(max-width: 1024px) 100vw, 1024px\" \/>\t\t\t\t\t\t\t\t\t\t\t\t\t\t\t<\/div>\n\t\t\t\t<\/div>\n\t\t\t\t\t<\/div>\n\t\t<\/div>\n\t\t\t\t<div class=\"elementor-column elementor-col-50 elementor-top-column elementor-element elementor-element-ca2c02b\" data-id=\"ca2c02b\" data-element_type=\"column\" data-e-type=\"column\">\n\t\t\t<div class=\"elementor-widget-wrap elementor-element-populated\">\n\t\t\t\t\t\t<div class=\"elementor-element elementor-element-aa11338 elementor-widget elementor-widget-text-editor\" data-id=\"aa11338\" data-element_type=\"widget\" data-e-type=\"widget\" data-widget_type=\"text-editor.default\">\n\t\t\t\t<div class=\"elementor-widget-container\">\n\t\t\t\t\t\t\t\t\t<h2><span style=\"color: #e60012;\">Aktivnosti \u010dlanske ekipe<\/span><\/h2><p>\u010clanska ekipa je vstopila v drugi teden aktivnosti po zastavljenem na\u010drtu dela, na vsakem treningu je prisotnih 22-28 igralcev.<\/p>\t\t\t\t\t\t\t\t<\/div>\n\t\t\t\t<\/div>\n\t\t\t\t\t<\/div>\n\t\t<\/div>\n\t\t\t\t<div class=\"elementor-column elementor-col-25 elementor-top-column elementor-element elementor-element-a64e43d\" data-id=\"a64e43d\" data-element_type=\"column\" data-e-type=\"column\">\n\t\t\t<div class=\"elementor-widget-wrap elementor-element-populated\">\n\t\t\t\t\t\t<div class=\"elementor-element elementor-element-8b07b79 elementor-align-justify elementor-widget elementor-widget-button\" data-id=\"8b07b79\" data-element_type=\"widget\" data-e-type=\"widget\" data-widget_type=\"button.default\">\n\t\t\t\t<div class=\"elementor-widget-container\">\n\t\t\t\t\t\t\t\t\t<div class=\"elementor-button-wrapper\">\n\t\t\t\t\t<a class=\"elementor-button elementor-button-link elementor-size-sm\" href=\"https:\/\/www.nksvoboda.si\/eng\/blog\/2021\/07\/20\/aktivnosti-clanske-ekipe\/\">\n\t\t\t\t\t\t<span class=\"elementor-button-content-wrapper\">\n\t\t\t\t\t\t\t\t\t<span class=\"elementor-button-text\">Preberi ve\u010d<\/span>\n\t\t\t\t\t<\/span>\n\t\t\t\t\t<\/a>\n\t\t\t\t<\/div>\n\t\t\t\t\t\t\t\t<\/div>\n\t\t\t\t<\/div>\n\t\t\t\t\t<\/div>\n\t\t<\/div>\n\t\t\t\t\t<\/div>\n\t\t<\/section>\n\t\t\t\t<section class=\"elementor-section elementor-top-section elementor-element elementor-element-9680b21 elementor-section-boxed elementor-section-height-default elementor-section-height-default\" data-id=\"9680b21\" data-element_type=\"section\" data-e-type=\"section\">\n\t\t\t\t\t\t<div class=\"elementor-container elementor-column-gap-default\">\n\t\t\t\t\t<div class=\"elementor-column elementor-col-100 elementor-top-column elementor-element elementor-element-d93ca74\" data-id=\"d93ca74\" data-element_type=\"column\" data-e-type=\"column\">\n\t\t\t<div class=\"elementor-widget-wrap elementor-element-populated\">\n\t\t\t\t\t\t<div class=\"elementor-element elementor-element-a0683fd elementor-widget-divider--view-line elementor-widget elementor-widget-divider\" data-id=\"a0683fd\" data-element_type=\"widget\" data-e-type=\"widget\" data-widget_type=\"divider.default\">\n\t\t\t\t<div class=\"elementor-widget-container\">\n\t\t\t\t\t\t\t<div class=\"elementor-divider\">\n\t\t\t<span class=\"elementor-divider-separator\">\n\t\t\t\t\t\t<\/span>\n\t\t<\/div>\n\t\t\t\t\t\t<\/div>\n\t\t\t\t<\/div>\n\t\t\t\t\t<\/div>\n\t\t<\/div>\n\t\t\t\t\t<\/div>\n\t\t<\/section>\n\t\t\t\t<\/div>","protected":false},"excerpt":{"rendered":"<p>Sprememba v vodstvu kluba Na ob\u010dnem zboru NK Svoboda Ljubljana dne 27.5.2021 je bilo izbrano novo vodstvo kluba, Preberi ve\u010d Vabilo za igralce sezona 2021-2022 NK SVOBODA Ljubljana \u010cLANI\u00a0in\u00a0NK SVOBODA AKADEMIJA U15-U19vabi vse igralce za novo sezono 2021-2022! Preberi ve\u010d Aktivnosti \u010dlanske ekipe \u010clanska ekipa je vstopila v drugi teden aktivnosti po zastavljenem na\u010drtu dela, [&hellip;]<\/p>\n","protected":false},"author":1,"featured_media":0,"parent":0,"menu_order":0,"comment_status":"closed","ping_status":"closed","template":"","meta":{"footnotes":""},"class_list":["post-4915","page","type-page","status-publish","hentry"],"_links":{"self":[{"href":"https:\/\/www.nksvoboda.si\/eng\/wp-json\/wp\/v2\/pages\/4915","targetHints":{"allow":["GET"]}}],"collection":[{"href":"https:\/\/www.nksvoboda.si\/eng\/wp-json\/wp\/v2\/pages"}],"about":[{"href":"https:\/\/www.nksvoboda.si\/eng\/wp-json\/wp\/v2\/types\/page"}],"author":[{"embeddable":true,"href":"https:\/\/www.nksvoboda.si\/eng\/wp-json\/wp\/v2\/users\/1"}],"replies":[{"embeddable":true,"href":"https:\/\/www.nksvoboda.si\/eng\/wp-json\/wp\/v2\/comments?post=4915"}],"version-history":[{"count":0,"href":"https:\/\/www.nksvoboda.si\/eng\/wp-json\/wp\/v2\/pages\/4915\/revisions"}],"wp:attachment":[{"href":"https:\/\/www.nksvoboda.si\/eng\/wp-json\/wp\/v2\/media?parent=4915"}],"curies":[{"name":"wp","href":"https:\/\/api.w.org\/{rel}","templated":true}]}}