{"id":4007,"date":"2021-03-16T09:03:54","date_gmt":"2021-03-16T09:03:54","guid":{"rendered":"http:\/\/www.nksvoboda.si\/?page_id=4007"},"modified":"2026-02-23T10:12:09","modified_gmt":"2026-02-23T09:12:09","slug":"vadnine","status":"publish","type":"page","link":"https:\/\/www.nksvoboda.si\/eng\/vadnine\/","title":{"rendered":"Vadnine"},"content":{"rendered":"<h1>VADNINA<br \/>\n<\/h1>\n<p>Na podlagi Statuta NK SVOBODE je Upravni odbor NK SVOBODE sprejel PRAVILNIK O VADNINAH ZA SEZONO 2025\/26.<\/p>\n<p>1. Mese\u010dna vadnina v mladinskem pogonu NK SVOBODE (v nadaljevanju tudi: klub) za nogometno sezono 2025\/26 (v nadaljevanju: vadnina) zna\u0161a:<br \/><b>75 euro (od U8 do U19)<\/b><br \/>Ob zaklju\u010dku leta se evidentira pla\u010dilo za vsakega igralca posebej v preteklem letu in evidentira stanje dolga.<\/p>\n<p>2. V kolikor sta v klub v\u010dlanjena dva otroka iz iste dru\u017eine, pla\u010da polno vadnino le en otorok, drugi otrok je vadnine opro\u0161\u010den (v nadaljevanju: dru\u017einska vadnina). V primeru, da je en otrok opro\u0161\u010den pla\u010dila vadnine, zaradi huj\u0161ih po\u0161kodb ali bolezni skladno z dolo\u010dili tega pravilnika, v mesecih njegove odsotnosti polno vadnino pla\u010duje drugi otrok.<\/p>\n<p>3. Vadnino se pla\u010duje toliko mesecev kolikor je sam klub aktiven. Vadnino je potrebno poravnati, tudi \u010de igralec ni opravil nobenega treninga v mesecu. Izjemoma so igralci pla\u010devanja vadnine lahko opro\u0161\u010deni le v primeru huj\u0161ih po\u0161kodb in bolezni, zaradi katerih ne obiskujejo kluba ter treningov ve\u010d kot en mesec. V tem primeru mora igralec posredovati klubu pisno pro\u0161njo za oprostitev vadnine (potrdilo zdravnika) v mesecu, v katerem je pri\u0161lo do odsotnosti. Odlo\u010ditev o izjemi pla\u010devanja vadnine sprejmejo pristojni organi kluba (upravni odbor).<\/p>\n<p>4. Vadnina se pla\u010duje na transakcijski ra\u010dun kluba. V primeru zamude s pla\u010dilom vadnin, se igralec zavezuje pla\u010dati klubu tudi zakonite zamudne obresti za \u010das od dneva zapadlosti do dneva dejanskega pla\u010dila. V primeru zamuditve s pla\u010dilom se igralcu po\u0161lje obvestilo o nepla\u010dilu (opomin). V primeru nepravo\u010dasnega pla\u010dila dveh vadnin se igralcu do izvr\u0161itve pla\u010dila izre\u010de prepoved tekmovanja. V kolikor dolg igralca ni poravnan v 30-ih dneh po izreku prepovedi tekmovanja, se mu do izvr\u0161itve pla\u010dila izre\u010de prepoved treniranja in tekmovanja. V primeru po\u0161iljanja obvestil o zakasnitvi pla\u010dila ima klub pravico obra\u010dunati stro\u0161ke takega po\u0161iljanja v vi\u0161ini 2,00 EUR. V primeru poizkusov izogibanja pla\u010dilom obveznosti klub lahko uporabi izv\u0161bo kot na\u010din popla\u010dila obveznosti.<\/p>\n<p>5. Igralec lahko za klub v teko\u010di nogometni sezoni tekmuje samo pod pogojem, da ima poravnane vse svoje obveznosti iz naslova vadnin do kluba iz preteklih sezon.<\/p>\n<p>6. Klub bo v okviru svojih zmo\u017enosti pomagal igralcem iz socialno \u0161ibkej\u0161ih dru\u017ein. Klub bo omogo\u010dal zni\u017eane vadnine (v nadaljevanju: subvencionirana vadnina), katerih vi\u0161ina bo odvisna od \u0161tevila pro\u0161enj za subvencionirano vadnino, razpolo\u017eljivih sredstev kluba za zni\u017eanje vadnin ter od vi\u0161ine povpre\u010dnega mese\u010dnega dohodka na dru\u017einskega \u010dlana posameznega prosilec, kakor bo ugotovljeno iz odlo\u010dbe za otro\u0161ki dodatek, sprejete s strani Centra za socialno delo (v nadaljevanju: odlo\u010dba za otro\u0161ki dodatek). Za subvencionirano vadnino igralca iz socialno \u0161ibkej\u0161e dru\u017eine mora prosilec posredovati klubu po navadni po\u0161ti ali po elektronski po\u0161ti na e-naslov kluba, pro\u0161njo z dokazilom, ki ga predstavlja odlo\u010dba za otro\u0161ki dodatek. Igralec je upravi\u010den do subvencionirane vadnine izklju\u010dno za obdobje od datuma, ko klub prejme odlo\u010dbo za otro\u0161ki dodatek, do datuma veljavnosti odlo\u010dbe za otro\u0161ki dodatek.\u00a0<b>Odlo\u010ditev o subvencionirani vadnini sprejmejo pristojni organi kluba (upravni odbor)<\/b>.<\/p>\n<p>7. Igralci nogometnega razreda, ki so vklju\u010deni v nogometni razred kluba, pla\u010dujejo vadnino v polnem znesku.<\/p>\n<p>8. \u010ce se treningom kluba po dogovoru priklju\u010di gostujo\u010di nogometa\u0161, mora mese\u010dno pla\u010devati najmanj vadnino v polovi\u010dnem znesku.<\/p>\n<p>9.\u00a0<b>Igralec ne more zapustiti kluba brez poravnanih vseh zapadlih obveznosti iz naslova vadnin. V primeru, da bi igralec \u017eelel oditi brez izpisnice ali pa bi podpisal profesionalno pogodbo v novem klubu in je bila igralcu v NK SVOBODI obra\u010dunana subvencionirana vadnina, igralec ne more zapustiti kluba brez poravnane razlike od zneska pla\u010dane subvencionirane vadnine do zneska polne vadnine za celotno obdobje, v katerem mu je bila obra\u010dunana subvencionirana vadnina<\/b>.<\/p>\n<p>10. O vseh ostalih primerih, ki jih pravilnik ne dolo\u010da, odlo\u010dajo pristojni organi kluba (upravni odbor).<\/p>\n<p>UO NK SVOBODA<br \/>Ljubljana, Avgust, 2025<\/p>","protected":false},"excerpt":{"rendered":"<p>VADNINA Na podlagi Statuta NK SVOBODE je Upravni odbor NK SVOBODE sprejel PRAVILNIK O VADNINAH ZA SEZONO 2025\/26. 1. Mese\u010dna vadnina v mladinskem pogonu NK SVOBODE (v nadaljevanju tudi: klub) za nogometno sezono 2025\/26 (v nadaljevanju: vadnina) zna\u0161a:75 euro (od U8 do U19)Ob zaklju\u010dku leta se evidentira pla\u010dilo za vsakega igralca posebej v preteklem letu [&hellip;]<\/p>\n","protected":false},"author":1,"featured_media":0,"parent":0,"menu_order":0,"comment_status":"closed","ping_status":"closed","template":"elementor_header_footer","meta":{"footnotes":""},"class_list":["post-4007","page","type-page","status-publish","hentry"],"_links":{"self":[{"href":"https:\/\/www.nksvoboda.si\/eng\/wp-json\/wp\/v2\/pages\/4007","targetHints":{"allow":["GET"]}}],"collection":[{"href":"https:\/\/www.nksvoboda.si\/eng\/wp-json\/wp\/v2\/pages"}],"about":[{"href":"https:\/\/www.nksvoboda.si\/eng\/wp-json\/wp\/v2\/types\/page"}],"author":[{"embeddable":true,"href":"https:\/\/www.nksvoboda.si\/eng\/wp-json\/wp\/v2\/users\/1"}],"replies":[{"embeddable":true,"href":"https:\/\/www.nksvoboda.si\/eng\/wp-json\/wp\/v2\/comments?post=4007"}],"version-history":[{"count":0,"href":"https:\/\/www.nksvoboda.si\/eng\/wp-json\/wp\/v2\/pages\/4007\/revisions"}],"wp:attachment":[{"href":"https:\/\/www.nksvoboda.si\/eng\/wp-json\/wp\/v2\/media?parent=4007"}],"curies":[{"name":"wp","href":"https:\/\/api.w.org\/{rel}","templated":true}]}}